{"id":560,"date":"2023-10-26T12:42:56","date_gmt":"2023-10-26T09:42:56","guid":{"rendered":"https:\/\/vetfornaitools.projectlibrary.eu\/quiz-sur-lorientation-professionnelle\/"},"modified":"2024-04-29T12:57:09","modified_gmt":"2024-04-29T09:57:09","slug":"quiz-sur-lorientation-professionnelle","status":"publish","type":"page","link":"https:\/\/vetfornaitools.projectlibrary.eu\/fr\/quiz-sur-lorientation-professionnelle\/","title":{"rendered":"Quiz sur l&rsquo;orientation professionnelle"},"content":{"rendered":"<p>Le <strong>quiz d&rsquo;orientation professionnelle VET4NAI<\/strong> est con\u00e7u pour les immigrants nouvellement arriv\u00e9s (NAI) afin de les embarquer dans un voyage de <strong>d\u00e9couverte de soi<\/strong> vers le <strong>secteur professionnel<\/strong> qui correspond \u00e0 leurs <strong>forces et \u00e0 leurs aspirations personnelles !<\/strong><br \/>\n\u00c0 la fin de ce quiz, avec l&rsquo;aide de votre conseiller, vous <strong>obtiendrez<\/strong> plus d&rsquo;<strong>informations<\/strong> et une <strong>meilleure compr\u00e9hension de l&rsquo;environnement de travail<\/strong> dans lequel vous avez le plus de chances de vous \u00e9panouir et d&rsquo;exceller dans le pays d&rsquo;accueil !<br \/>\nIl comprend <strong>15 questions \u00e0 choix multiples (sous forme d&rsquo;affirmations ou d&rsquo;images)<\/strong>.<br \/>\nRappelez-vous qu&rsquo;il n&rsquo;y a <strong>pas de bonnes ou de mauvaises r\u00e9ponses<\/strong> &#8211; tout ce dont vous avez besoin, <strong>c&rsquo;est de ce que vous pensez<\/strong>.<\/p>\n<hr \/>\n<p>Pour obtenir des <strong>instructions<\/strong> sur les questions et leur signification, vous pouvez consulter le fichier correspondant en cliquant <strong><a href=\"https:\/\/vetfornaitools.projectlibrary.eu\/wp-content\/uploads\/2024\/04\/Vet4Nai-R2-FR-Quiz-Instructions.pdf\" target=\"_blank\" rel=\"noopener\">ici<\/a> <\/strong>ou en s\u00e9lectionnant l&rsquo;option correspondante dans le menu.<br \/>\n\u00c0 la fin du quiz, vous pouvez obtenir des informations sur le secteur propos\u00e9 en s\u00e9lectionnant le secteur de travail correspondant dans le <strong>menu situ\u00e9 en haut \u00e0 droite de cet \u00e9cran<\/strong>.<\/p>\n<div class=\"h5p-iframe-wrapper\"><iframe id=\"h5p-iframe-4\" class=\"h5p-iframe\" data-content-id=\"4\" style=\"height:1px\" src=\"about:blank\" frameBorder=\"0\" scrolling=\"no\" title=\"VET4NAI \u2013 Career Guidance Quiz French\"><\/iframe><\/div>\n","protected":false},"excerpt":{"rendered":"<p>Le quiz d&rsquo;orientation professionnelle VET4NAI est con\u00e7u pour les immigrants nouvellement arriv\u00e9s (NAI) afin de les embarquer dans un voyage de d\u00e9couverte de soi vers le secteur professionnel qui correspond \u00e0 leurs forces et \u00e0 leurs aspirations personnelles ! \u00c0 la fin de ce quiz, avec l&rsquo;aide de votre conseiller, vous obtiendrez plus d&rsquo;informations et [&hellip;]<\/p>\n","protected":false},"author":1,"featured_media":0,"parent":0,"menu_order":0,"comment_status":"closed","ping_status":"closed","template":"","meta":{"site-sidebar-layout":"default","site-content-layout":"","ast-site-content-layout":"default","site-content-style":"default","site-sidebar-style":"default","ast-global-header-display":"","ast-banner-title-visibility":"","ast-main-header-display":"","ast-hfb-above-header-display":"","ast-hfb-below-header-display":"","ast-hfb-mobile-header-display":"","site-post-title":"","ast-breadcrumbs-content":"","ast-featured-img":"","footer-sml-layout":"","ast-disable-related-posts":"","theme-transparent-header-meta":"default","adv-header-id-meta":"","stick-header-meta":"","header-above-stick-meta":"","header-main-stick-meta":"","header-below-stick-meta":"","astra-migrate-meta-layouts":"set","ast-page-background-enabled":"default","ast-page-background-meta":{"desktop":{"background-color":"var(--ast-global-color-4)","background-image":"","background-repeat":"repeat","background-position":"center center","background-size":"auto","background-attachment":"scroll","background-type":"","background-media":"","overlay-type":"","overlay-color":"","overlay-opacity":"","overlay-gradient":""},"tablet":{"background-color":"","background-image":"","background-repeat":"repeat","background-position":"center center","background-size":"auto","background-attachment":"scroll","background-type":"","background-media":"","overlay-type":"","overlay-color":"","overlay-opacity":"","overlay-gradient":""},"mobile":{"background-color":"","background-image":"","background-repeat":"repeat","background-position":"center center","background-size":"auto","background-attachment":"scroll","background-type":"","background-media":"","overlay-type":"","overlay-color":"","overlay-opacity":"","overlay-gradient":""}},"ast-content-background-meta":{"desktop":{"background-color":"var(--ast-global-color-5)","background-image":"","background-repeat":"repeat","background-position":"center center","background-size":"auto","background-attachment":"scroll","background-type":"","background-media":"","overlay-type":"","overlay-color":"","overlay-opacity":"","overlay-gradient":""},"tablet":{"background-color":"var(--ast-global-color-5)","background-image":"","background-repeat":"repeat","background-position":"center center","background-size":"auto","background-attachment":"scroll","background-type":"","background-media":"","overlay-type":"","overlay-color":"","overlay-opacity":"","overlay-gradient":""},"mobile":{"background-color":"var(--ast-global-color-5)","background-image":"","background-repeat":"repeat","background-position":"center center","background-size":"auto","background-attachment":"scroll","background-type":"","background-media":"","overlay-type":"","overlay-color":"","overlay-opacity":"","overlay-gradient":""}},"footnotes":""},"class_list":["post-560","page","type-page","status-publish","hentry"],"_links":{"self":[{"href":"https:\/\/vetfornaitools.projectlibrary.eu\/fr\/wp-json\/wp\/v2\/pages\/560","targetHints":{"allow":["GET"]}}],"collection":[{"href":"https:\/\/vetfornaitools.projectlibrary.eu\/fr\/wp-json\/wp\/v2\/pages"}],"about":[{"href":"https:\/\/vetfornaitools.projectlibrary.eu\/fr\/wp-json\/wp\/v2\/types\/page"}],"author":[{"embeddable":true,"href":"https:\/\/vetfornaitools.projectlibrary.eu\/fr\/wp-json\/wp\/v2\/users\/1"}],"replies":[{"embeddable":true,"href":"https:\/\/vetfornaitools.projectlibrary.eu\/fr\/wp-json\/wp\/v2\/comments?post=560"}],"version-history":[{"count":4,"href":"https:\/\/vetfornaitools.projectlibrary.eu\/fr\/wp-json\/wp\/v2\/pages\/560\/revisions"}],"predecessor-version":[{"id":584,"href":"https:\/\/vetfornaitools.projectlibrary.eu\/fr\/wp-json\/wp\/v2\/pages\/560\/revisions\/584"}],"wp:attachment":[{"href":"https:\/\/vetfornaitools.projectlibrary.eu\/fr\/wp-json\/wp\/v2\/media?parent=560"}],"curies":[{"name":"wp","href":"https:\/\/api.w.org\/{rel}","templated":true}]}}