{"id":995,"date":"2025-02-06T14:22:35","date_gmt":"2025-02-06T12:22:35","guid":{"rendered":"https:\/\/vetfornaitools.projectlibrary.eu\/resultat-2\/"},"modified":"2025-02-06T14:47:54","modified_gmt":"2025-02-06T12:47:54","slug":"resultat-2","status":"publish","type":"page","link":"https:\/\/vetfornaitools.projectlibrary.eu\/fr\/resultat-2\/","title":{"rendered":"R\u00e9sultat 2"},"content":{"rendered":"\t\t<div data-elementor-type=\"wp-page\" data-elementor-id=\"995\" class=\"elementor elementor-995 elementor-967\">\n\t\t\t\t<div class=\"elementor-element elementor-element-6e99091 e-flex e-con-boxed e-con e-parent\" data-id=\"6e99091\" data-element_type=\"container\" data-e-type=\"container\">\n\t\t\t\t\t<div class=\"e-con-inner\">\n\t\t\t\t<div class=\"elementor-element elementor-element-1610650 elementor-widget elementor-widget-text-editor\" data-id=\"1610650\" data-element_type=\"widget\" data-e-type=\"widget\" data-widget_type=\"text-editor.default\">\n\t\t\t\t<div class=\"elementor-widget-container\">\n\t\t\t\t\t\t\t\t\t<p style=\"text-align: center;\"><strong>PR4. Validation de la bo\u00eete \u00e0 outils et du mat\u00e9riel de formation<\/strong><\/p>\n<p style=\"text-align: center;\"><strong>RAPPORT CONSOLID\u00c9 DU PROJET PILOTE VET4NAI<\/strong><\/p>\n\t\t\t\t\t\t\t\t<\/div>\n\t\t\t\t<\/div>\n\t\t\t\t\t<\/div>\n\t\t\t\t<\/div>\n\t\t<div class=\"elementor-element elementor-element-795b13f e-flex e-con-boxed e-con e-parent\" data-id=\"795b13f\" data-element_type=\"container\" data-e-type=\"container\">\n\t\t\t\t\t<div class=\"e-con-inner\">\n\t\t\t\t<div class=\"elementor-element elementor-element-bd053a5 elementor-widget elementor-widget-image\" data-id=\"bd053a5\" data-element_type=\"widget\" data-e-type=\"widget\" data-widget_type=\"image.default\">\n\t\t\t\t<div class=\"elementor-widget-container\">\n\t\t\t\t\t\t\t\t\t\t\t\t\t\t\t\t<a href=\"https:\/\/vetfornaitools.projectlibrary.eu\/wp-content\/uploads\/2025\/02\/consolidated-report_PR4-piloting-VET4NAIFR.pdf\">\n\t\t\t\t\t\t\t<img fetchpriority=\"high\" decoding=\"async\" width=\"669\" height=\"957\" src=\"https:\/\/vetfornaitools.projectlibrary.eu\/wp-content\/uploads\/2025\/02\/result2FR.png\" class=\"attachment-large size-large wp-image-1020\" alt=\"\" srcset=\"https:\/\/vetfornaitools.projectlibrary.eu\/wp-content\/uploads\/2025\/02\/result2FR.png 669w, https:\/\/vetfornaitools.projectlibrary.eu\/wp-content\/uploads\/2025\/02\/result2FR-210x300.png 210w\" sizes=\"(max-width: 669px) 100vw, 669px\" \/>\t\t\t\t\t\t\t\t<\/a>\n\t\t\t\t\t\t\t\t\t\t\t\t\t\t\t<\/div>\n\t\t\t\t<\/div>\n\t\t\t\t\t<\/div>\n\t\t\t\t<\/div>\n\t\t\t\t<\/div>\n\t\t","protected":false},"excerpt":{"rendered":"<p>PR4. Validation de la bo\u00eete \u00e0 outils et du mat\u00e9riel de formation RAPPORT CONSOLID\u00c9 DU PROJET PILOTE VET4NAI<\/p>\n","protected":false},"author":1,"featured_media":0,"parent":0,"menu_order":0,"comment_status":"closed","ping_status":"closed","template":"","meta":{"site-sidebar-layout":"no-sidebar","site-content-layout":"","ast-site-content-layout":"full-width-container","site-content-style":"default","site-sidebar-style":"default","ast-global-header-display":"","ast-banner-title-visibility":"","ast-main-header-display":"","ast-hfb-above-header-display":"","ast-hfb-below-header-display":"","ast-hfb-mobile-header-display":"","site-post-title":"disabled","ast-breadcrumbs-content":"","ast-featured-img":"disabled","footer-sml-layout":"","ast-disable-related-posts":"","theme-transparent-header-meta":"default","adv-header-id-meta":"","stick-header-meta":"","header-above-stick-meta":"","header-main-stick-meta":"","header-below-stick-meta":"","astra-migrate-meta-layouts":"default","ast-page-background-enabled":"default","ast-page-background-meta":{"desktop":{"background-color":"var(--ast-global-color-4)","background-image":"","background-repeat":"repeat","background-position":"center center","background-size":"auto","background-attachment":"scroll","background-type":"","background-media":"","overlay-type":"","overlay-color":"","overlay-opacity":"","overlay-gradient":""},"tablet":{"background-color":"","background-image":"","background-repeat":"repeat","background-position":"center center","background-size":"auto","background-attachment":"scroll","background-type":"","background-media":"","overlay-type":"","overlay-color":"","overlay-opacity":"","overlay-gradient":""},"mobile":{"background-color":"","background-image":"","background-repeat":"repeat","background-position":"center center","background-size":"auto","background-attachment":"scroll","background-type":"","background-media":"","overlay-type":"","overlay-color":"","overlay-opacity":"","overlay-gradient":""}},"ast-content-background-meta":{"desktop":{"background-color":"var(--ast-global-color-5)","background-image":"","background-repeat":"repeat","background-position":"center center","background-size":"auto","background-attachment":"scroll","background-type":"","background-media":"","overlay-type":"","overlay-color":"","overlay-opacity":"","overlay-gradient":""},"tablet":{"background-color":"var(--ast-global-color-5)","background-image":"","background-repeat":"repeat","background-position":"center center","background-size":"auto","background-attachment":"scroll","background-type":"","background-media":"","overlay-type":"","overlay-color":"","overlay-opacity":"","overlay-gradient":""},"mobile":{"background-color":"var(--ast-global-color-5)","background-image":"","background-repeat":"repeat","background-position":"center center","background-size":"auto","background-attachment":"scroll","background-type":"","background-media":"","overlay-type":"","overlay-color":"","overlay-opacity":"","overlay-gradient":""}},"footnotes":""},"class_list":["post-995","page","type-page","status-publish","hentry"],"_links":{"self":[{"href":"https:\/\/vetfornaitools.projectlibrary.eu\/fr\/wp-json\/wp\/v2\/pages\/995","targetHints":{"allow":["GET"]}}],"collection":[{"href":"https:\/\/vetfornaitools.projectlibrary.eu\/fr\/wp-json\/wp\/v2\/pages"}],"about":[{"href":"https:\/\/vetfornaitools.projectlibrary.eu\/fr\/wp-json\/wp\/v2\/types\/page"}],"author":[{"embeddable":true,"href":"https:\/\/vetfornaitools.projectlibrary.eu\/fr\/wp-json\/wp\/v2\/users\/1"}],"replies":[{"embeddable":true,"href":"https:\/\/vetfornaitools.projectlibrary.eu\/fr\/wp-json\/wp\/v2\/comments?post=995"}],"version-history":[{"count":4,"href":"https:\/\/vetfornaitools.projectlibrary.eu\/fr\/wp-json\/wp\/v2\/pages\/995\/revisions"}],"predecessor-version":[{"id":1027,"href":"https:\/\/vetfornaitools.projectlibrary.eu\/fr\/wp-json\/wp\/v2\/pages\/995\/revisions\/1027"}],"wp:attachment":[{"href":"https:\/\/vetfornaitools.projectlibrary.eu\/fr\/wp-json\/wp\/v2\/media?parent=995"}],"curies":[{"name":"wp","href":"https:\/\/api.w.org\/{rel}","templated":true}]}}