{"id":1167,"date":"2024-08-06T10:47:37","date_gmt":"2024-08-06T07:47:37","guid":{"rendered":"https:\/\/vetfornaitools.projectlibrary.eu\/verktygslada-for-vagledning\/"},"modified":"2025-03-18T09:42:12","modified_gmt":"2025-03-18T07:42:12","slug":"verktygslada-for-vagledning","status":"publish","type":"page","link":"https:\/\/vetfornaitools.projectlibrary.eu\/sv\/verktygslada-for-vagledning\/","title":{"rendered":"Verktygsl\u00e5da f\u00f6r v\u00e4gledning"},"content":{"rendered":"\t\t<div data-elementor-type=\"wp-page\" data-elementor-id=\"1167\" class=\"elementor elementor-1167 elementor-716\">\n\t\t\t\t<div class=\"elementor-element elementor-element-2495388 e-flex e-con-boxed e-con e-parent\" data-id=\"2495388\" data-element_type=\"container\" data-e-type=\"container\" data-settings=\"{&quot;background_background&quot;:&quot;slideshow&quot;,&quot;background_slideshow_gallery&quot;:[{&quot;id&quot;:522,&quot;url&quot;:&quot;https:\\\/\\\/vetfornaitools.projectlibrary.eu\\\/wp-content\\\/uploads\\\/2023\\\/11\\\/high-view-diverse-wooden-characters-inclusion-concept-scaled.jpg&quot;}],&quot;background_slideshow_loop&quot;:&quot;yes&quot;,&quot;background_slideshow_slide_duration&quot;:5000,&quot;background_slideshow_slide_transition&quot;:&quot;fade&quot;,&quot;background_slideshow_transition_duration&quot;:500}\">\n\t\t\t\t\t<div class=\"e-con-inner\">\n\t\t\t\t<div class=\"elementor-element elementor-element-ee60d2e elementor-widget elementor-widget-heading\" data-id=\"ee60d2e\" data-element_type=\"widget\" data-e-type=\"widget\" data-widget_type=\"heading.default\">\n\t\t\t\t<div class=\"elementor-widget-container\">\n\t\t\t\t\t<h2 class=\"elementor-heading-title elementor-size-default\">V\u00e4lkommen till verktygsl\u00e5dan f\u00f6r VET f\u00f6r NAI<\/h2>\t\t\t\t<\/div>\n\t\t\t\t<\/div>\n\t\t\t\t\t<\/div>\n\t\t\t\t<\/div>\n\t\t<div class=\"elementor-element elementor-element-237cffd e-flex e-con-boxed e-con e-parent\" data-id=\"237cffd\" data-element_type=\"container\" data-e-type=\"container\">\n\t\t\t\t\t<div class=\"e-con-inner\">\n\t\t\t\t<div class=\"elementor-element elementor-element-08920ac elementor-widget elementor-widget-spacer\" data-id=\"08920ac\" data-element_type=\"widget\" data-e-type=\"widget\" data-widget_type=\"spacer.default\">\n\t\t\t\t<div class=\"elementor-widget-container\">\n\t\t\t\t\t\t\t<div class=\"elementor-spacer\">\n\t\t\t<div class=\"elementor-spacer-inner\"><\/div>\n\t\t<\/div>\n\t\t\t\t\t\t<\/div>\n\t\t\t\t<\/div>\n\t\t\t\t<div class=\"elementor-element elementor-element-937b9eb elementor-widget elementor-widget-text-editor\" data-id=\"937b9eb\" data-element_type=\"widget\" data-e-type=\"widget\" data-widget_type=\"text-editor.default\">\n\t\t\t\t<div class=\"elementor-widget-container\">\n\t\t\t\t\t\t\t\t\t<p>Din viktigaste resurs f\u00f6r att v\u00e4gleda nyanl\u00e4nda invandrare genom yrkes- och arbetsmarknadsintegration. Denna verktygsl\u00e5da erbjuder effektiva strategier f\u00f6r yrkesplanering och arbetsmarknadsintr\u00e4de, utformad f\u00f6r att anv\u00e4ndas av yrkesverksamma inom arbetsf\u00f6rmedling, utbildning och icke-statliga organisationer.<br \/>Verktygsl\u00e5dan inneh\u00e5ller ett kortspel med 25 fr\u00e5gor, som kombinerar \u00f6ppna och slutna uppgifter f\u00f6r att underl\u00e4tta engagerande inl\u00e4rningsupplevelser. R\u00e5dgivarna v\u00e4gleder deltagarna och klarg\u00f6r eventuella f\u00f6rvirrande termer eller uttalanden.  <\/p>\n\t\t\t\t\t\t\t\t<\/div>\n\t\t\t\t<\/div>\n\t\t\t\t\t<\/div>\n\t\t\t\t<\/div>\n\t\t<div class=\"elementor-element elementor-element-6373fb3 e-flex e-con-boxed e-con e-parent\" data-id=\"6373fb3\" data-element_type=\"container\" data-e-type=\"container\">\n\t\t\t\t\t<div class=\"e-con-inner\">\n\t\t\t\t<div class=\"elementor-element elementor-element-9062b81 elementor-widget elementor-widget-text-editor\" data-id=\"9062b81\" data-element_type=\"widget\" data-e-type=\"widget\" data-widget_type=\"text-editor.default\">\n\t\t\t\t<div class=\"elementor-widget-container\">\n\t\t\t\t\t\t\t\t\t<p><strong>Se spelinstruktionerna<\/strong><\/p>\n\t\t\t\t\t\t\t\t<\/div>\n\t\t\t\t<\/div>\n\t\t\t\t<div class=\"elementor-element elementor-element-16ceb7c elementor-widget elementor-widget-text-editor\" data-id=\"16ceb7c\" data-element_type=\"widget\" data-e-type=\"widget\" data-widget_type=\"text-editor.default\">\n\t\t\t\t<div class=\"elementor-widget-container\">\n\t\t\t\t\t\t\t\t\t<p><div style=\"width: 640px;\" class=\"wp-video\"><video class=\"wp-video-shortcode\" id=\"video-1167-1\" width=\"640\" height=\"360\" preload=\"metadata\" controls=\"controls\"><source type=\"video\/mp4\" src=\"https:\/\/vetfornaitools.projectlibrary.eu\/wp-content\/uploads\/2025\/03\/Unlock-Careers_-VET-for-NAI-Guide-SWEDISH.mp4?_=1\" \/><a href=\"https:\/\/vetfornaitools.projectlibrary.eu\/wp-content\/uploads\/2025\/03\/Unlock-Careers_-VET-for-NAI-Guide-SWEDISH.mp4\">https:\/\/vetfornaitools.projectlibrary.eu\/wp-content\/uploads\/2025\/03\/Unlock-Careers_-VET-for-NAI-Guide-SWEDISH.mp4<\/a><\/video><\/div><\/p>\n\t\t\t\t\t\t\t\t<\/div>\n\t\t\t\t<\/div>\n\t\t\t\t\t<\/div>\n\t\t\t\t<\/div>\n\t\t<div class=\"elementor-element elementor-element-c134467 e-flex e-con-boxed e-con e-parent\" data-id=\"c134467\" data-element_type=\"container\" data-e-type=\"container\">\n\t\t\t\t\t<div class=\"e-con-inner\">\n\t\t\t\t<div class=\"elementor-element elementor-element-e75c482 elementor-widget elementor-widget-spacer\" data-id=\"e75c482\" data-element_type=\"widget\" data-e-type=\"widget\" data-widget_type=\"spacer.default\">\n\t\t\t\t<div class=\"elementor-widget-container\">\n\t\t\t\t\t\t\t<div class=\"elementor-spacer\">\n\t\t\t<div class=\"elementor-spacer-inner\"><\/div>\n\t\t<\/div>\n\t\t\t\t\t\t<\/div>\n\t\t\t\t<\/div>\n\t\t\t\t<div class=\"elementor-element elementor-element-5a85a07 elementor-widget elementor-widget-text-editor\" data-id=\"5a85a07\" data-element_type=\"widget\" data-e-type=\"widget\" data-widget_type=\"text-editor.default\">\n\t\t\t\t<div class=\"elementor-widget-container\">\n\t\t\t\t\t\t\t\t\t<p>Du kan v\u00e4lja att ladda ner spelet, skaffa en fysisk kopia<\/p>\n\t\t\t\t\t\t\t\t<\/div>\n\t\t\t\t<\/div>\n\t\t\t\t<div class=\"elementor-element elementor-element-2cd471e elementor-align-center elementor-widget elementor-widget-button\" data-id=\"2cd471e\" data-element_type=\"widget\" data-e-type=\"widget\" data-widget_type=\"button.default\">\n\t\t\t\t<div class=\"elementor-widget-container\">\n\t\t\t\t\t\t\t\t\t<div class=\"elementor-button-wrapper\">\n\t\t\t\t\t<a class=\"elementor-button elementor-button-link elementor-size-sm\" href=\"https:\/\/vetfornaitools.projectlibrary.eu\/wp-content\/uploads\/2025\/03\/NEW-VET4NAI_Toolkit-All-modules_SWEDISH.pdf\" target=\"_blank\">\n\t\t\t\t\t\t<span class=\"elementor-button-content-wrapper\">\n\t\t\t\t\t\t\t\t\t<span class=\"elementor-button-text\">Ladda ner h\u00e4r<\/span>\n\t\t\t\t\t<\/span>\n\t\t\t\t\t<\/a>\n\t\t\t\t<\/div>\n\t\t\t\t\t\t\t\t<\/div>\n\t\t\t\t<\/div>\n\t\t\t\t<div class=\"elementor-element elementor-element-25a7aea elementor-widget elementor-widget-text-editor\" data-id=\"25a7aea\" data-element_type=\"widget\" data-e-type=\"widget\" data-widget_type=\"text-editor.default\">\n\t\t\t\t<div class=\"elementor-widget-container\">\n\t\t\t\t\t\t\t\t\t<p>ELLER<\/p>\n\t\t\t\t\t\t\t\t<\/div>\n\t\t\t\t<\/div>\n\t\t\t\t<div class=\"elementor-element elementor-element-a9c9274 elementor-widget elementor-widget-text-editor\" data-id=\"a9c9274\" data-element_type=\"widget\" data-e-type=\"widget\" data-widget_type=\"text-editor.default\">\n\t\t\t\t<div class=\"elementor-widget-container\">\n\t\t\t\t\t\t\t\t\t<p>Spela upp den digitalt<\/p>\n\t\t\t\t\t\t\t\t<\/div>\n\t\t\t\t<\/div>\n\t\t\t\t<div class=\"elementor-element elementor-element-24286d5 elementor-align-center elementor-widget elementor-widget-button\" data-id=\"24286d5\" data-element_type=\"widget\" data-e-type=\"widget\" data-widget_type=\"button.default\">\n\t\t\t\t<div class=\"elementor-widget-container\">\n\t\t\t\t\t\t\t\t\t<div class=\"elementor-button-wrapper\">\n\t\t\t\t\t<a class=\"elementor-button elementor-button-link elementor-size-sm\" href=\"https:\/\/vetfornaitools.projectlibrary.eu\/toolkit\/\" target=\"_blank\">\n\t\t\t\t\t\t<span class=\"elementor-button-content-wrapper\">\n\t\t\t\t\t\t\t\t\t<span class=\"elementor-button-text\">Spela h\u00e4r<\/span>\n\t\t\t\t\t<\/span>\n\t\t\t\t\t<\/a>\n\t\t\t\t<\/div>\n\t\t\t\t\t\t\t\t<\/div>\n\t\t\t\t<\/div>\n\t\t\t\t<div class=\"elementor-element elementor-element-2e58254 elementor-widget elementor-widget-spacer\" data-id=\"2e58254\" data-element_type=\"widget\" data-e-type=\"widget\" data-widget_type=\"spacer.default\">\n\t\t\t\t<div class=\"elementor-widget-container\">\n\t\t\t\t\t\t\t<div class=\"elementor-spacer\">\n\t\t\t<div class=\"elementor-spacer-inner\"><\/div>\n\t\t<\/div>\n\t\t\t\t\t\t<\/div>\n\t\t\t\t<\/div>\n\t\t\t\t\t<\/div>\n\t\t\t\t<\/div>\n\t\t\t\t<\/div>\n\t\t","protected":false},"excerpt":{"rendered":"<p>V\u00e4lkommen till verktygsl\u00e5dan f\u00f6r VET f\u00f6r NAI Din viktigaste resurs f\u00f6r att v\u00e4gleda nyanl\u00e4nda invandrare genom yrkes- och arbetsmarknadsintegration. Denna verktygsl\u00e5da erbjuder effektiva strategier f\u00f6r yrkesplanering och arbetsmarknadsintr\u00e4de, utformad f\u00f6r att anv\u00e4ndas av yrkesverksamma inom arbetsf\u00f6rmedling, utbildning och icke-statliga organisationer.Verktygsl\u00e5dan inneh\u00e5ller ett kortspel med 25 fr\u00e5gor, som kombinerar \u00f6ppna och slutna uppgifter f\u00f6r att underl\u00e4tta [&hellip;]<\/p>\n","protected":false},"author":1,"featured_media":0,"parent":0,"menu_order":0,"comment_status":"closed","ping_status":"closed","template":"","meta":{"site-sidebar-layout":"no-sidebar","site-content-layout":"","ast-site-content-layout":"full-width-container","site-content-style":"default","site-sidebar-style":"default","ast-global-header-display":"","ast-banner-title-visibility":"","ast-main-header-display":"","ast-hfb-above-header-display":"","ast-hfb-below-header-display":"","ast-hfb-mobile-header-display":"","site-post-title":"disabled","ast-breadcrumbs-content":"","ast-featured-img":"disabled","footer-sml-layout":"","ast-disable-related-posts":"","theme-transparent-header-meta":"","adv-header-id-meta":"","stick-header-meta":"","header-above-stick-meta":"","header-main-stick-meta":"","header-below-stick-meta":"","astra-migrate-meta-layouts":"default","ast-page-background-enabled":"default","ast-page-background-meta":{"desktop":{"background-color":"var(--ast-global-color-4)","background-image":"","background-repeat":"repeat","background-position":"center center","background-size":"auto","background-attachment":"scroll","background-type":"","background-media":"","overlay-type":"","overlay-color":"","overlay-opacity":"","overlay-gradient":""},"tablet":{"background-color":"","background-image":"","background-repeat":"repeat","background-position":"center center","background-size":"auto","background-attachment":"scroll","background-type":"","background-media":"","overlay-type":"","overlay-color":"","overlay-opacity":"","overlay-gradient":""},"mobile":{"background-color":"","background-image":"","background-repeat":"repeat","background-position":"center center","background-size":"auto","background-attachment":"scroll","background-type":"","background-media":"","overlay-type":"","overlay-color":"","overlay-opacity":"","overlay-gradient":""}},"ast-content-background-meta":{"desktop":{"background-color":"var(--ast-global-color-5)","background-image":"","background-repeat":"repeat","background-position":"center center","background-size":"auto","background-attachment":"scroll","background-type":"","background-media":"","overlay-type":"","overlay-color":"","overlay-opacity":"","overlay-gradient":""},"tablet":{"background-color":"var(--ast-global-color-5)","background-image":"","background-repeat":"repeat","background-position":"center center","background-size":"auto","background-attachment":"scroll","background-type":"","background-media":"","overlay-type":"","overlay-color":"","overlay-opacity":"","overlay-gradient":""},"mobile":{"background-color":"var(--ast-global-color-5)","background-image":"","background-repeat":"repeat","background-position":"center center","background-size":"auto","background-attachment":"scroll","background-type":"","background-media":"","overlay-type":"","overlay-color":"","overlay-opacity":"","overlay-gradient":""}},"footnotes":""},"class_list":["post-1167","page","type-page","status-publish","hentry"],"_links":{"self":[{"href":"https:\/\/vetfornaitools.projectlibrary.eu\/sv\/wp-json\/wp\/v2\/pages\/1167","targetHints":{"allow":["GET"]}}],"collection":[{"href":"https:\/\/vetfornaitools.projectlibrary.eu\/sv\/wp-json\/wp\/v2\/pages"}],"about":[{"href":"https:\/\/vetfornaitools.projectlibrary.eu\/sv\/wp-json\/wp\/v2\/types\/page"}],"author":[{"embeddable":true,"href":"https:\/\/vetfornaitools.projectlibrary.eu\/sv\/wp-json\/wp\/v2\/users\/1"}],"replies":[{"embeddable":true,"href":"https:\/\/vetfornaitools.projectlibrary.eu\/sv\/wp-json\/wp\/v2\/comments?post=1167"}],"version-history":[{"count":3,"href":"https:\/\/vetfornaitools.projectlibrary.eu\/sv\/wp-json\/wp\/v2\/pages\/1167\/revisions"}],"predecessor-version":[{"id":1217,"href":"https:\/\/vetfornaitools.projectlibrary.eu\/sv\/wp-json\/wp\/v2\/pages\/1167\/revisions\/1217"}],"wp:attachment":[{"href":"https:\/\/vetfornaitools.projectlibrary.eu\/sv\/wp-json\/wp\/v2\/media?parent=1167"}],"curies":[{"name":"wp","href":"https:\/\/api.w.org\/{rel}","templated":true}]}}