{"id":556,"date":"2023-10-26T12:42:56","date_gmt":"2023-10-26T09:42:56","guid":{"rendered":"https:\/\/vetfornaitools.projectlibrary.eu\/quiz-om-karriarvagledning\/"},"modified":"2024-04-29T12:58:24","modified_gmt":"2024-04-29T09:58:24","slug":"quiz-om-karriarvagledning","status":"publish","type":"page","link":"https:\/\/vetfornaitools.projectlibrary.eu\/sv\/quiz-om-karriarvagledning\/","title":{"rendered":"Quiz om karri\u00e4rv\u00e4gledning"},"content":{"rendered":"<p><strong>VET4NAI &#8211; Career Guidance Quiz<\/strong> \u00e4r utformat f\u00f6r nyanl\u00e4nda invandrare (NAI) f\u00f6r att ge dem en resa av <strong>sj\u00e4lvuppt\u00e4ckt<\/strong> mot den <strong>karri\u00e4rsektor<\/strong> som st\u00e4mmer \u00f6verens med deras <strong>personliga styrkor och ambitioner!<\/strong><br \/>\nI slutet av den h\u00e4r fr\u00e5gesporten kommer du, med st\u00f6d av din r\u00e5dgivare, att <strong>f\u00e5<\/strong> mer <strong>information<\/strong> och en <strong>b\u00e4ttre f\u00f6rst\u00e5else f\u00f6r den arbetsmilj\u00f6<\/strong> d\u00e4r det \u00e4r mest sannolikt att du kommer att trivas och utm\u00e4rka dig i v\u00e4rdlandet!<br \/>\nDen inneh\u00e5ller <strong>15 flervalsfr\u00e5gor (i form av p\u00e5st\u00e5enden eller bilder)<\/strong>.<br \/>\nKom ih\u00e5g att det inte finns n\u00e5gra <strong>r\u00e4tta eller felaktiga svar<\/strong> &#8211; allt du beh\u00f6ver <strong>\u00e4r<\/strong> dina <strong>uppriktiga tankar och k\u00e4nslor<\/strong>.<\/p>\n<hr \/>\n<p>F\u00f6r <strong>instruktioner<\/strong> om fr\u00e5gorna och deras betydelse kan du se den relevanta filen genom att klicka h\u00e4r <strong><a href=\"https:\/\/vetfornaitools.projectlibrary.eu\/wp-content\/uploads\/2024\/04\/Vet4Nai-R2-SE-Quiz-Instructions.pdf\" target=\"_blank\" rel=\"noopener\">h\u00e4r<\/a> <\/strong>eller genom att v\u00e4lja det relevanta alternativet i menyn.<br \/>\nI slutet av fr\u00e5gesporten kan du se information om den f\u00f6reslagna sektorn genom att v\u00e4lja motsvarande arbetssektor i <strong>menyn l\u00e4ngst upp till h\u00f6ger p\u00e5 sk\u00e4rmen<\/strong>.<\/p>\n<div class=\"h5p-iframe-wrapper\"><iframe id=\"h5p-iframe-3\" class=\"h5p-iframe\" data-content-id=\"3\" style=\"height:1px\" src=\"about:blank\" frameBorder=\"0\" scrolling=\"no\" title=\"VET4NAI \u2013 Career Guidance Quiz Swedish\"><\/iframe><\/div>\n","protected":false},"excerpt":{"rendered":"<p>VET4NAI &#8211; Career Guidance Quiz \u00e4r utformat f\u00f6r nyanl\u00e4nda invandrare (NAI) f\u00f6r att ge dem en resa av sj\u00e4lvuppt\u00e4ckt mot den karri\u00e4rsektor som st\u00e4mmer \u00f6verens med deras personliga styrkor och ambitioner! I slutet av den h\u00e4r fr\u00e5gesporten kommer du, med st\u00f6d av din r\u00e5dgivare, att f\u00e5 mer information och en b\u00e4ttre f\u00f6rst\u00e5else f\u00f6r den arbetsmilj\u00f6 [&hellip;]<\/p>\n","protected":false},"author":1,"featured_media":0,"parent":0,"menu_order":0,"comment_status":"closed","ping_status":"closed","template":"","meta":{"site-sidebar-layout":"default","site-content-layout":"","ast-site-content-layout":"default","site-content-style":"default","site-sidebar-style":"default","ast-global-header-display":"","ast-banner-title-visibility":"","ast-main-header-display":"","ast-hfb-above-header-display":"","ast-hfb-below-header-display":"","ast-hfb-mobile-header-display":"","site-post-title":"","ast-breadcrumbs-content":"","ast-featured-img":"","footer-sml-layout":"","ast-disable-related-posts":"","theme-transparent-header-meta":"default","adv-header-id-meta":"","stick-header-meta":"","header-above-stick-meta":"","header-main-stick-meta":"","header-below-stick-meta":"","astra-migrate-meta-layouts":"set","ast-page-background-enabled":"default","ast-page-background-meta":{"desktop":{"background-color":"var(--ast-global-color-4)","background-image":"","background-repeat":"repeat","background-position":"center center","background-size":"auto","background-attachment":"scroll","background-type":"","background-media":"","overlay-type":"","overlay-color":"","overlay-opacity":"","overlay-gradient":""},"tablet":{"background-color":"","background-image":"","background-repeat":"repeat","background-position":"center center","background-size":"auto","background-attachment":"scroll","background-type":"","background-media":"","overlay-type":"","overlay-color":"","overlay-opacity":"","overlay-gradient":""},"mobile":{"background-color":"","background-image":"","background-repeat":"repeat","background-position":"center center","background-size":"auto","background-attachment":"scroll","background-type":"","background-media":"","overlay-type":"","overlay-color":"","overlay-opacity":"","overlay-gradient":""}},"ast-content-background-meta":{"desktop":{"background-color":"var(--ast-global-color-5)","background-image":"","background-repeat":"repeat","background-position":"center center","background-size":"auto","background-attachment":"scroll","background-type":"","background-media":"","overlay-type":"","overlay-color":"","overlay-opacity":"","overlay-gradient":""},"tablet":{"background-color":"var(--ast-global-color-5)","background-image":"","background-repeat":"repeat","background-position":"center center","background-size":"auto","background-attachment":"scroll","background-type":"","background-media":"","overlay-type":"","overlay-color":"","overlay-opacity":"","overlay-gradient":""},"mobile":{"background-color":"var(--ast-global-color-5)","background-image":"","background-repeat":"repeat","background-position":"center center","background-size":"auto","background-attachment":"scroll","background-type":"","background-media":"","overlay-type":"","overlay-color":"","overlay-opacity":"","overlay-gradient":""}},"footnotes":""},"class_list":["post-556","page","type-page","status-publish","hentry"],"_links":{"self":[{"href":"https:\/\/vetfornaitools.projectlibrary.eu\/sv\/wp-json\/wp\/v2\/pages\/556","targetHints":{"allow":["GET"]}}],"collection":[{"href":"https:\/\/vetfornaitools.projectlibrary.eu\/sv\/wp-json\/wp\/v2\/pages"}],"about":[{"href":"https:\/\/vetfornaitools.projectlibrary.eu\/sv\/wp-json\/wp\/v2\/types\/page"}],"author":[{"embeddable":true,"href":"https:\/\/vetfornaitools.projectlibrary.eu\/sv\/wp-json\/wp\/v2\/users\/1"}],"replies":[{"embeddable":true,"href":"https:\/\/vetfornaitools.projectlibrary.eu\/sv\/wp-json\/wp\/v2\/comments?post=556"}],"version-history":[{"count":3,"href":"https:\/\/vetfornaitools.projectlibrary.eu\/sv\/wp-json\/wp\/v2\/pages\/556\/revisions"}],"predecessor-version":[{"id":596,"href":"https:\/\/vetfornaitools.projectlibrary.eu\/sv\/wp-json\/wp\/v2\/pages\/556\/revisions\/596"}],"wp:attachment":[{"href":"https:\/\/vetfornaitools.projectlibrary.eu\/sv\/wp-json\/wp\/v2\/media?parent=556"}],"curies":[{"name":"wp","href":"https:\/\/api.w.org\/{rel}","templated":true}]}}